{"id":470,"date":"2015-02-25T21:51:23","date_gmt":"2015-02-25T20:51:23","guid":{"rendered":"https:\/\/bretterhofer.at\/blog\/?page_id=470"},"modified":"2015-02-25T22:46:05","modified_gmt":"2015-02-25T21:46:05","slug":"geneactive-pc-suite","status":"publish","type":"page","link":"https:\/\/bretterhofer.at\/blog\/projects\/geneactiveaddin\/geneactive-pc-suite\/","title":{"rendered":"Geneactive PC Suite"},"content":{"rendered":"<p>Um Daten von den Geneactiv Messger\u00e4ten herunterzuladen, ben\u00f6tigt man die von ActiveInsights gratis zur Verf\u00fcgung gestellte Software. Auch zum Download verf\u00fcgbar auf der offiziellen Seite http:\/\/www.geneactiv.org . Sobald die Daten dann mit dieser Software von den Messger\u00e4ten auf einen Computer kopiert worden sind, geht es weiter mit unserem Addin f\u00fcr Excel.<\/p>\n<p><a href=\"http:\/\/www.geneactiv.org\/wp-content\/uploads\/2014\/02\/GENEActivPCSoftwareInstaller-2.9-2013-09-23.zip\">Download (extern)<\/a><\/p>\n<p>&nbsp;<\/p>\n<p>&nbsp;<\/p>\n","protected":false},"excerpt":{"rendered":"<p>Um Daten von den Geneactiv Messger\u00e4ten herunterzuladen, ben\u00f6tigt man die von ActiveInsights gratis zur Verf\u00fcgung gestellte Software. Auch zum Download verf\u00fcgbar auf der offiziellen Seite<\/p>\n","protected":false},"author":1,"featured_media":0,"parent":436,"menu_order":0,"comment_status":"open","ping_status":"open","template":"","meta":{"footnotes":""},"jetpack_sharing_enabled":true,"_links":{"self":[{"href":"https:\/\/bretterhofer.at\/blog\/wp-json\/wp\/v2\/pages\/470"}],"collection":[{"href":"https:\/\/bretterhofer.at\/blog\/wp-json\/wp\/v2\/pages"}],"about":[{"href":"https:\/\/bretterhofer.at\/blog\/wp-json\/wp\/v2\/types\/page"}],"author":[{"embeddable":true,"href":"https:\/\/bretterhofer.at\/blog\/wp-json\/wp\/v2\/users\/1"}],"replies":[{"embeddable":true,"href":"https:\/\/bretterhofer.at\/blog\/wp-json\/wp\/v2\/comments?post=470"}],"version-history":[{"count":6,"href":"https:\/\/bretterhofer.at\/blog\/wp-json\/wp\/v2\/pages\/470\/revisions"}],"predecessor-version":[{"id":483,"href":"https:\/\/bretterhofer.at\/blog\/wp-json\/wp\/v2\/pages\/470\/revisions\/483"}],"up":[{"embeddable":true,"href":"https:\/\/bretterhofer.at\/blog\/wp-json\/wp\/v2\/pages\/436"}],"wp:attachment":[{"href":"https:\/\/bretterhofer.at\/blog\/wp-json\/wp\/v2\/media?parent=470"}],"curies":[{"name":"wp","href":"https:\/\/api.w.org\/{rel}","templated":true}]}}